{"id":1808,"date":"2024-05-03T13:42:25","date_gmt":"2024-05-03T11:42:25","guid":{"rendered":"https:\/\/www.selectionmed.com\/?page_id=1808"},"modified":"2024-06-04T17:20:31","modified_gmt":"2024-06-04T15:20:31","slug":"venda-su-casa-con-nosotros","status":"publish","type":"page","link":"https:\/\/www.selectionmed.com\/es\/venda-su-casa-con-nosotros","title":{"rendered":"Venda su casa con nosotros"},"content":{"rendered":"<section id=\"vender-una-propiedad\" style=\"text-align: center;\">La costa mediterr\u00e1nea est\u00e1 atrayendo cada vez a m\u00e1s compradores. Por lo tanto, probablemente no tendr\u00e1s dificultades para encontrarlos. Pero, \u00bfEst\u00e1s vendiendo al precio correcto y tienes compradores serios? Aprovechate de la red internacional m\u00e1s grande en la costa mediterr\u00e1nea para vender tu propiedad al precio m\u00e1s justo y a compradores calificados. Contacta con nuestro equipo de agentes especializados: es <strong>GRATUITO<\/strong>, <strong>R\u00c1PIDO<\/strong> y <strong>FIABLE<\/strong>.&nbsp;<\/p>\n<section style=\"text-align: center;\"><\/section>\n<section style=\"text-align: center;\"><\/section>\n<\/section>\n<section><\/section>\n<section><\/section>\n<section><\/section>\n<section><\/section>\n<section><\/section>\n<section><\/section>\n<section><\/section>\n<section><\/section>\n<section><\/section>\n<section><\/section>\n<section style=\"text-align: center;\"><button style=\"display: inline-block; font-weight: bold; font-size: 16px; color: black; background-color: #e1a601; border: 2px solid #E1A601; padding: 10px 20px; border-radius: 100px; cursor: pointer; transition: background-color 0.3s ease;\">Cont\u00e1ctenos<\/button><\/section>\n<p>&nbsp;<\/p>\n<p>&nbsp;<\/p>\n<section style=\"text-align: center;\">\n<h2 style=\"text-align: center;\"><\/h2>\n<\/section>\n<h2 style=\"text-align: center;\">\u00bfPor qu\u00e9 elegir Selection Med?<\/h2>\n<p>&nbsp;<\/p>\n<ul style=\"text-align: left; display: inline-block;\">\n<li>\n<h3>Ahorras tiempo&#8230;<\/h3>\n<p>Al utilizar una sola agencia especializada en la costa mediterr\u00e1nea, te beneficias de la red internacional de agentes y agencias m\u00e1s grande. Una \u00fanica agencia de confianza que te permite refinar en la selecci\u00f3n de tus compradores, limitar el n\u00famero de visitas y trabajar en una relaci\u00f3n de confianza y transparencia en l\u00ednea con los valores de Selection Med. \u00a1T\u00f3mate el tiempo para elegir bien y finalmente ahorrar\u00e1s tiempo!<\/li>\n<\/ul>\n<p>&nbsp;<\/p>\n<ul style=\"text-align: left; display: inline-block;\">\n<li>\n<h3>Hablas con expertos en bienes ra\u00edces costeros,<\/h3>\n<p>Desde el interior de Cannes en la Costa Azul hasta la Costa del Sol, nuestros agentes inmobiliarios especializados en propiedades excepcionales junto al mar, conocen perfectamente su territorio porque crecieron all\u00ed, est\u00e1n residiendo desde hace a\u00f1os o se enamoraron de \u00e9l, igual que t\u00fa. Vender tu propiedad a compradores serios es m\u00e1s que un trabajo para ellos, es una pasi\u00f3n. D\u00e9jate guiar por un equipo impetuoso que sin duda \u00a1te sorprender\u00e1!<\/li>\n<\/ul>\n<p>&nbsp;<\/p>\n<ul style=\"text-align: left; display: inline-block;\">\n<li>\n<h3>Te beneficias de <strong>nuestro <\/strong>\u00a0<strong>m\u00e9todo <\/strong> llave en mano,<\/h3>\n<p>Para poner tu propiedad en el mercado de manera destacada, Selection Med te ofrece dos f\u00f3rmulas de venta especialmente dise\u00f1adas para satisfacer las necesidades de los buenos compradores. Difusi\u00f3n digital a nivel internacional gracias a un amplio portafolio de clientes, ventas privadas a compradores calificados, fotograf\u00edas que proporcionan toda la luz necesaria a tu propiedad para la proyecci\u00f3n de futuros propietarios&#8230; D\u00e9janos las llaves, \u00a1nosotros tomamos el control!<\/li>\n<\/ul>\n<p>&nbsp;<\/p>\n<h2>Elige tu f\u00f3rmula de venta:<\/h2>\n<p>&nbsp;<\/p>\n<div style=\"display: flex; justify-content: space-around;\">\n<div style=\"width: 45%; text-align: left;\">\n<h3>La f\u00f3rmula \u201cTradicional\u201d:<\/h3>\n<ul>\n<li>Destacar tu propiedad a trav\u00e9s de nuestras plataformas de marketing internacional.<\/li>\n<li>Distribuci\u00f3n de la ficha detallada de la propiedad a toda nuestra base de datos de clientes<\/li>\n<li>Publicaci\u00f3n de tu propiedad en nuestros folletos y nuestras redes sociales.<\/li>\n<\/ul>\n<img loading=\"lazy\" decoding=\"async\" class=\"wp-image-1782 img-fluid aligncenter\" src=\"https:\/\/www.selectionmed.com\/wp-content\/uploads\/2024\/04\/f492ce43-62e4-4ccc-b126-5ac92f724472-1037x778.jpg\" alt=\"Venda su casa con nosotros\" width=\"347\" height=\"260\" srcset=\"https:\/\/www.selectionmed.com\/wp-content\/uploads\/2024\/04\/f492ce43-62e4-4ccc-b126-5ac92f724472-1037x778.jpg 1037w, https:\/\/www.selectionmed.com\/wp-content\/uploads\/2024\/04\/f492ce43-62e4-4ccc-b126-5ac92f724472-1920x1440.jpg 1920w, https:\/\/www.selectionmed.com\/wp-content\/uploads\/2024\/04\/f492ce43-62e4-4ccc-b126-5ac92f724472-519x389.jpg 519w, https:\/\/www.selectionmed.com\/wp-content\/uploads\/2024\/04\/f492ce43-62e4-4ccc-b126-5ac92f724472-768x576.jpg 768w, https:\/\/www.selectionmed.com\/wp-content\/uploads\/2024\/04\/f492ce43-62e4-4ccc-b126-5ac92f724472-1536x1152.jpg 1536w, https:\/\/www.selectionmed.com\/wp-content\/uploads\/2024\/04\/f492ce43-62e4-4ccc-b126-5ac92f724472.jpg 2048w\" sizes=\"auto, (max-width: 347px) 100vw, 347px\" \/>\n<\/div>\n<div style=\"width: 45%; text-align: left;\">\n<h3>La f\u00f3rmula \u201c\u00c9lite\u201d (reservada para miembros con mandato de exclusividad):<\/h3>\n<ul>\n<li>Visita virtual en 3D de tu propiedad para poder hacer un tour al detalle .<\/li>\n<li>Sesi\u00f3n de fotograf\u00eda con vistas de dron para una calidad excepcional.<\/li>\n<li>Dise\u00f1ador de interiores a tu servicio para considerar un home staging antes de la venta.<\/li>\n<li>Gesti\u00f3n del Certificado energ\u00e9tico.<\/li>\n<li>Impulso de tu anuncio en nuestros portales digitales internacionales para una visibilidad m\u00e1xima.<\/li>\n<li>Publicidad en varias revistas impresas colaboradoras.<\/li>\n<li>Estrategia de marketing implementada en tu hogar para vender tu propiedad al precio justo y en el menor tiempo posible.<\/li>\n<\/ul>\n<\/div>\n<\/div>\n<p>&nbsp;<\/p>\n<p>&nbsp;<\/p>\n<p style=\"text-align: center;\">Nuestros a<strong>gentes est\u00e1n especializados<\/strong> en \u00e1reas espec\u00edficas<br \/>\ny pueden aportar su experiencia en evaluaciones y m\u00e1s.<br \/>\n<a href=\"https:\/\/www.selectionmed.com\/es\/our-company\">Conoce a nuestro equipo aqu\u00ed.<\/a><\/p>\n<p>&nbsp;<\/p>\n<p>&nbsp;<\/p>\n<section style=\"text-align: center;\"><button style=\"display: inline-block; font-weight: bold; font-size: 16px; color: black; background-color: #e1a601; border: 2px solid #E1A601; padding: 10px 20px; border-radius: 100px; cursor: pointer; transition: background-color 0.3s ease;\">M\u00e1s informaci\u00f3n<\/button><\/section>\n<p>&nbsp;<\/p>\n","protected":false},"excerpt":{"rendered":"<p>La costa mediterr\u00e1nea est\u00e1 atrayendo cada vez a m\u00e1s compradores. Por lo tanto, probablemente no tendr\u00e1s dificultades para encontrarlos. Pero, \u00bfEst\u00e1s vendiendo al precio correcto y tienes compradores serios? Aprovechate de la red internacional m\u00e1s grande en la costa mediterr\u00e1nea para vender tu propiedad al precio m\u00e1s justo y a compradores calificados. Contacta con nuestro &#8230;<\/p>\n","protected":false},"author":4,"featured_media":532,"parent":0,"menu_order":0,"comment_status":"closed","ping_status":"closed","template":"","meta":{"_acf_changed":false,"footnotes":""},"class_list":["post-1808","page","type-page","status-publish","has-post-thumbnail","hentry"],"acf":[],"_links":{"self":[{"href":"https:\/\/www.selectionmed.com\/es\/wp-json\/wp\/v2\/pages\/1808","targetHints":{"allow":["GET"]}}],"collection":[{"href":"https:\/\/www.selectionmed.com\/es\/wp-json\/wp\/v2\/pages"}],"about":[{"href":"https:\/\/www.selectionmed.com\/es\/wp-json\/wp\/v2\/types\/page"}],"author":[{"embeddable":true,"href":"https:\/\/www.selectionmed.com\/es\/wp-json\/wp\/v2\/users\/4"}],"replies":[{"embeddable":true,"href":"https:\/\/www.selectionmed.com\/es\/wp-json\/wp\/v2\/comments?post=1808"}],"version-history":[{"count":0,"href":"https:\/\/www.selectionmed.com\/es\/wp-json\/wp\/v2\/pages\/1808\/revisions"}],"wp:featuredmedia":[{"embeddable":true,"href":"https:\/\/www.selectionmed.com\/es\/wp-json\/wp\/v2\/media\/532"}],"wp:attachment":[{"href":"https:\/\/www.selectionmed.com\/es\/wp-json\/wp\/v2\/media?parent=1808"}],"curies":[{"name":"wp","href":"https:\/\/api.w.org\/{rel}","templated":true}]}}