{"id":896,"date":"2021-10-21T08:33:39","date_gmt":"2021-10-21T06:33:39","guid":{"rendered":"https:\/\/www.selectionmed.com\/?page_id=896"},"modified":"2021-10-21T08:35:08","modified_gmt":"2021-10-21T06:35:08","slug":"sus-propiedades-favoritas","status":"publish","type":"page","link":"https:\/\/www.selectionmed.com\/es\/sus-propiedades-favoritas","title":{"rendered":"Propiedades Favoritas"},"content":{"rendered":"<p>Encuentre aqu\u00ed todas sus propiedades favoritas y comp\u00e1relas f\u00e1cilmente. \u00bfDesea m\u00e1s informaci\u00f3n sobre estas propiedades? Utilice el siguiente formulario de contacto y uno de nuestros agentes se pondr\u00e1 en contacto con usted y se las presentar\u00e1 lo antes posible.<\/p>\n","protected":false},"excerpt":{"rendered":"<p>Encuentre aqu\u00ed todas sus propiedades favoritas y comp\u00e1relas f\u00e1cilmente. \u00bfDesea m\u00e1s informaci\u00f3n sobre estas propiedades? Utilice el siguiente formulario de contacto y uno de nuestros agentes se pondr\u00e1 en contacto con usted y se las presentar\u00e1 lo antes posible.<\/p>\n","protected":false},"author":4,"featured_media":0,"parent":0,"menu_order":0,"comment_status":"closed","ping_status":"closed","template":"template-pages\/favourites.php","meta":{"_acf_changed":false,"footnotes":""},"class_list":["post-896","page","type-page","status-publish","hentry"],"acf":[],"_links":{"self":[{"href":"https:\/\/www.selectionmed.com\/es\/wp-json\/wp\/v2\/pages\/896","targetHints":{"allow":["GET"]}}],"collection":[{"href":"https:\/\/www.selectionmed.com\/es\/wp-json\/wp\/v2\/pages"}],"about":[{"href":"https:\/\/www.selectionmed.com\/es\/wp-json\/wp\/v2\/types\/page"}],"author":[{"embeddable":true,"href":"https:\/\/www.selectionmed.com\/es\/wp-json\/wp\/v2\/users\/4"}],"replies":[{"embeddable":true,"href":"https:\/\/www.selectionmed.com\/es\/wp-json\/wp\/v2\/comments?post=896"}],"version-history":[{"count":0,"href":"https:\/\/www.selectionmed.com\/es\/wp-json\/wp\/v2\/pages\/896\/revisions"}],"wp:attachment":[{"href":"https:\/\/www.selectionmed.com\/es\/wp-json\/wp\/v2\/media?parent=896"}],"curies":[{"name":"wp","href":"https:\/\/api.w.org\/{rel}","templated":true}]}}