{"id":899,"date":"2021-10-21T08:47:29","date_gmt":"2021-10-21T06:47:29","guid":{"rendered":"https:\/\/www.selectionmed.com\/?page_id=899"},"modified":"2022-01-17T15:34:18","modified_gmt":"2022-01-17T14:34:18","slug":"unase-a-selection-med","status":"publish","type":"page","link":"https:\/\/www.selectionmed.com\/es\/unase-a-selection-med","title":{"rendered":"\u00danase a Selection Med"},"content":{"rendered":"<p>\u00bfEst\u00e1 interesado en explorar las ciudades de la costa mediterr\u00e1nea en busca de propiedades excepcionales? Entonces ha llegado al lugar adecuado.<\/p>\n<p>\u00bfNuestro ADN? Una empresa con un alto valor humano que cultiva el saber hacer, el crecimiento y el \u00e9xito ben\u00e9volo.<\/p>\n<p>Unirse a Selection Med significa unirse a una red din\u00e1mica de dimensi\u00f3n internacional. Es la oportunidad de operar con autonom\u00eda mientras se beneficia de un eficiente apoyo administrativo, de marketing y log\u00edstico.<\/p>\n<p>Unirse a Selection Med significa tambi\u00e9n conocer a un equipo muy unido con altos valores humanos que le ofrecer\u00e1 la oportunidad de ser mejor cada d\u00eda.<\/p>\n<p>\u00bfTiene ambici\u00f3n y una amplia red en su zona geogr\u00e1fica? \u00bfDesea desarrollar sus conocimientos t\u00e9cnicos y beneficiarse del apoyo y los consejos de toda una red? No se demore y p\u00f3ngase en contacto con nosotros.<\/p>\n<script src=\"https:\/\/www.google.com\/recaptcha\/api.js?render=6LeWOaYZAAAAAGZM7q40J51QMau9I_gs19mp9lZJ&hl=es\" ><\/script>\n<form id=\"contact_899\" class=\"bg-primary text-white p-3 p-lg-5 mb-5 needs-validation mt-5\" data-contact=\"contact_899\" action=\"localhost\" method=\"POST\" novalidate>\n\t<span id=\"contact_899-result\" data-redirect=\"\u00e9xito\" data-stext=\"source\" data-source=\"contact\"><\/span>\n\t<input type=\"hidden\" name=\"success\" value=\"\/success\"\/>\n\t<input type=\"hidden\" name=\"agency\" value=\"428\"\/>\n\t<input type=\"hidden\" name=\"source\" value=\"https:\/\/www.selectionmed.com\/es\/wp-json\/wp\/v2\/pages\/899\"\/>\n\t<input type=\"hidden\" name=\"subject\" value=\"Contact from: \u00danase a Selection Med\" \/>\n\t<input type=\"hidden\" name=\"dry\" value=\"0\">\n\t<input name=\"mail_options\" value=\"CharSet=UTF-8\" type=\"hidden\">\n\t<input type=\"hidden\" name=\"action\" value=\"contact\">\n\t<h3 class=\"pb-3 mb-3 mb-lg-4 font-weight-bold border-bottom\">\u00danase a nosotros<\/h3>\n\t<div class=\"form-group row\">\n\t\t<label class=\"col-sm-3 col-form-label text-uppercase\">Nombre<\/label>\n\t\t<div class=\"col-sm-9\">\n\t\t\t<input name=\"name\" type=\"text\" class=\"form-control rounded-0\" autocomplete=\"off\" placeholder=\"Introduzca su nombre\" required data-error=\"Nombre requerido\">\n\t\t<\/div>\n\t<\/div>\n\t<div class=\"form-group row\">\n\t\t<label class=\"col-sm-3 col-form-label text-uppercase\">Email<\/label>\n\t\t<div class=\"col-sm-9\">\n\t\t\t<input name=\"email\" type=\"email\" class=\"form-control rounded-0\" autocomplete=\"off\" placeholder=\"Introduzca su email\" required data-error=\"Correo electronico requerido\">\n\t\t<\/div>\n\t<\/div>\n\t<div class=\"form-group row\">\n\t\t<label class=\"col-sm-3 col-form-label text-uppercase\">Tel\u00e9fono<\/label>\n\t\t<div class=\"col-sm-9\">\n\t\t\t<input name=\"phone\" type=\"tel\" class=\"form-control rounded-0\" autocomplete=\"off\" placeholder=\"Introduzca su tel\u00e9fono\" data-error=\"Los n\u00fameros de tel\u00e9fono deben tener entre 8 y 20 d\u00edgitos\">\n\t\t<\/div>\n\t<\/div>\n\t<div class=\"form-group row\">\n\t\t<label class=\"col-sm-3 col-form-label text-uppercase\">comentarios<\/label>\n\t\t<div class=\"col-sm-9\">\n\t\t\t<textarea name=\"comment\" class=\"form-control rounded-0\" rows=\"4\"><\/textarea>\n\t\t<\/div>\n\t<\/div>\n\t<div class=\"form-group row\">\n\t\t<div class=\"col-sm-9 offset-sm-3\">\n\t\t\t<div class=\"custom-control custom-checkbox px-4\">\n\t\t\t\t<input type=\"checkbox\" class=\"custom-control-input\" id=\"contact_899-customCheck1\" name=\"privacy_policy\" required data-error=\"Campo requerido\">\n\t\t\t\t<label class=\"custom-control-label\" for=\"contact_899-customCheck1\">\n\t\t\t\t\tHe le\u00eddo y acepto la <a class=\"text-white\" href=\"https:\/\/www.selectionmed.com\/privacy-policy\" target=\"_blank\">Pol\u00edtica de cookies y privacidad<\/a>\n\t\t\t\t<\/label>\n\t\t\t<\/div>\n\t\t\t<div class=\"custom-control custom-checkbox px-4\"> \n\t\t\t\t<input type=\"checkbox\" class=\"custom-control-input\" id=\"contact_899-customCheck2\" name=\"commercial_information\">\n\t\t\t\t<label class=\"custom-control-label\" for=\"contact_899-customCheck2\">Env\u00edame ofertas y novedades<\/label>\n\t\t\t<\/div>\n\t\t<\/div>\n\t<\/div>\n\t<div class=\"form-group row mb-0\">\n\t\t<div class=\"col-sm-9\">\n\t\t\t<button data-ids=\"contact_899\" data-lang=\"es\" class=\"btn btn-secondary text-uppercase font-weight-bold px-5 py-2 g-recaptcha\" data-sitekey=\"6LeWOaYZAAAAAGZM7q40J51QMau9I_gs19mp9lZJ\">Enviar<\/button>\n\t\t<\/div>\n\t<\/div>\n<\/form>\n\n<p>&nbsp;<\/p>\n","protected":false},"excerpt":{"rendered":"<p>\u00bfEst\u00e1 interesado en explorar las ciudades de la costa mediterr\u00e1nea en busca de propiedades excepcionales? Entonces ha llegado al lugar adecuado. \u00bfNuestro ADN? Una empresa con un alto valor humano que cultiva el saber hacer, el crecimiento y el \u00e9xito ben\u00e9volo. Unirse a Selection Med significa unirse a una red din\u00e1mica de dimensi\u00f3n internacional. Es &#8230;<\/p>\n","protected":false},"author":4,"featured_media":582,"parent":0,"menu_order":0,"comment_status":"closed","ping_status":"closed","template":"template-pages\/basic-herobox.php","meta":{"_acf_changed":false,"footnotes":""},"class_list":["post-899","page","type-page","status-publish","has-post-thumbnail","hentry"],"acf":[],"_links":{"self":[{"href":"https:\/\/www.selectionmed.com\/es\/wp-json\/wp\/v2\/pages\/899","targetHints":{"allow":["GET"]}}],"collection":[{"href":"https:\/\/www.selectionmed.com\/es\/wp-json\/wp\/v2\/pages"}],"about":[{"href":"https:\/\/www.selectionmed.com\/es\/wp-json\/wp\/v2\/types\/page"}],"author":[{"embeddable":true,"href":"https:\/\/www.selectionmed.com\/es\/wp-json\/wp\/v2\/users\/4"}],"replies":[{"embeddable":true,"href":"https:\/\/www.selectionmed.com\/es\/wp-json\/wp\/v2\/comments?post=899"}],"version-history":[{"count":0,"href":"https:\/\/www.selectionmed.com\/es\/wp-json\/wp\/v2\/pages\/899\/revisions"}],"wp:featuredmedia":[{"embeddable":true,"href":"https:\/\/www.selectionmed.com\/es\/wp-json\/wp\/v2\/media\/582"}],"wp:attachment":[{"href":"https:\/\/www.selectionmed.com\/es\/wp-json\/wp\/v2\/media?parent=899"}],"curies":[{"name":"wp","href":"https:\/\/api.w.org\/{rel}","templated":true}]}}