{"id":1330,"date":"2022-09-12T21:41:54","date_gmt":"2022-09-12T19:41:54","guid":{"rendered":"https:\/\/www.selectionmed.com\/?page_id=1330"},"modified":"2024-05-18T09:49:27","modified_gmt":"2024-05-18T07:49:27","slug":"vendre-avec-nous","status":"publish","type":"page","link":"https:\/\/www.selectionmed.com\/fr\/vendre-avec-nous","title":{"rendered":"Vendre Votre Bien Avec Nous"},"content":{"rendered":"<section style=\"text-align: center;\">\n<p style=\"text-align: center;\">La c\u00f4te m\u00e9diterran\u00e9enne attire de plus en plus d\u2019acheteurs. Vous n\u2019aurez donc probablement pas de difficult\u00e9 \u00e0 trouver les v\u00f4tres.<br \/>\nMais vendrez-vous au bon prix avec des acheteurs s\u00e9rieux ? Profitez du <strong>plus grand r\u00e9seau international<\/strong> sur la c\u00f4te m\u00e9diterran\u00e9enne pour <strong>vendre votre bien au prix le plus juste<\/strong> et \u00e0 des <strong>acheteurs qualifi\u00e9s<\/strong>.<\/p>\n<p>Contactez notre \u00e9quipe d\u2019agents sp\u00e9cialistes : c\u2019est <strong>GRATUIT<\/strong>, <strong>RAPIDE<\/strong> et <strong>FIABLE<\/strong>.<\/p>\n<\/section>\n<p>&nbsp;<\/p>\n<p>&nbsp;<\/p>\n<section style=\"text-align: center;\"><button style=\"display: inline-block; font-weight: bold; font-size: 16px; color: black; background-color: #e1a601; border: 2px solid #E1A601; padding: 10px 20px; border-radius: 100px; cursor: pointer; transition: background-color 0.3s ease;\">Cliquez pour \u00eatre rappel\u00e9<\/button><\/section>\n<h2><\/h2>\n<p>&nbsp;<\/p>\n<p>&nbsp;<\/p>\n<section style=\"text-align: center;\">\n<h2 style=\"text-align: center;\">Pourquoi choisir Selection Med Pour Vendre Votre Maison ?<\/h2>\n<p>&nbsp;<\/p>\n<p>&nbsp;<\/p>\n<ul style=\"text-align: left; display: inline-block;\">\n<li style=\"list-style-type: none;\">\n<ul style=\"text-align: left; display: inline-block;\">\n<li>\n<h3>Vous gagnez du temps&#8230;<\/h3>\n<p>En passant par<strong> une seule agence sp\u00e9cialiste de la c\u00f4te m\u00e9diterran\u00e9enne<\/strong> et b\u00e9n\u00e9ficiant du plus <strong>grand r\u00e9seau international<\/strong> d\u2019agents et d\u2019agences. Une seule agence fiable permet d\u2019affiner la s\u00e9lection de vos acheteurs, de limiter le nombre de visites et de travailler dans une relation de confiance et de transparence, en ad\u00e9quation avec les valeurs de Selection Med. Prenez le temps de bien choisir pour finalement en gagner !<\/li>\n<\/ul>\n<\/li>\n<li style=\"list-style-type: none;\"><\/li>\n<\/ul>\n<p>&nbsp;<\/p>\n<ul style=\"text-align: left; display: inline-block;\">\n<li style=\"list-style-type: none;\">\n<ul style=\"text-align: left; display: inline-block;\">\n<li>\n<h3>Vous parlez \u00e0 des experts de l\u2019immobilier littoral,<\/h3>\n<p>De l\u2019arri\u00e8re-pays cannois de la C\u00f4te d\u2019Azur jusqu&rsquo;a la Costa del Sol. Nos <strong>agents immobiliers sp\u00e9cialis\u00e9s dans les biens d\u2019exception en bord de mer<\/strong> connaissent parfaitement leur territoire car ils y ont grandi, y sont install\u00e9s depuis des ann\u00e9es ou en sont tomb\u00e9s amoureux, comme vous. Vendre votre bien \u00e0 des <strong>acheteurs s\u00e9rieux<\/strong> est plus qu\u2019un m\u00e9tier pour eux, c\u2019est une passion. Et l\u2019on ne peut transmettre un \u00e9merveillement qu\u2019\u00e0 travers la passion. Laissez-vous guider, ils vont vous \u00e9pater!<\/li>\n<\/ul>\n<\/li>\n<li style=\"list-style-type: none;\"><\/li>\n<\/ul>\n<p>&nbsp;<\/p>\n<ul style=\"text-align: left; display: inline-block;\">\n<li style=\"list-style-type: none;\">\n<ul style=\"text-align: left; display: inline-block;\">\n<li>\n<h3>Vous profitez de nos formules clefs en main,<\/h3>\n<p>Pour mettre votre bien \u00e0 la vente au premier plan, Selection Med vous propose <strong>deux formules de vente<\/strong>, sp\u00e9cialement con\u00e7ues pour r\u00e9pondre aux besoins des acheteurs qualifi\u00e9s. <strong>Diffusion digitale<\/strong> \u00e0 l\u2019international gr\u00e2ce \u00e0 un large portefeuille client, <strong>ventes priv\u00e9es<\/strong> \u00e0 des acheteurs qualifi\u00e9s, <strong>photographies<\/strong> donnant toute la lumi\u00e8re n\u00e9cessaire \u00e0 votre bien pour la projection des futurs propri\u00e9taires&#8230; Laissez-nous les clefs, on prend le relais !<\/li>\n<\/ul>\n<\/li>\n<\/ul>\n<h2><\/h2>\n<\/section>\n<h2><\/h2>\n<p>&nbsp;<\/p>\n<p>&nbsp;<\/p>\n<section style=\"text-align: center;\">\n<h2>Choisissez votre formule de vente :<\/h2>\n<\/section>\n<p>&nbsp;<\/p>\n<p>&nbsp;<\/p>\n<section style=\"text-align: center;\">\n<div style=\"display: flex; justify-content: space-around;\">\n<div style=\"width: 45%; text-align: left;\">\n<h3>La formule \u201cTraditionnelle\u201d :<\/h3>\n<ul>\n<li>Mise en avant de votre bien gr\u00e2ce \u00e0 nos <strong>actions marketing \u00e0 l\u2019international<\/strong><\/li>\n<li><strong>Distribution de la fiche d\u00e9taill\u00e9e du bien<\/strong> \u00e0 l\u2019ensemble de notre base de donn\u00e9es clients<\/li>\n<li>Mise en ligne de votre bien sur notre <strong>newsletter<\/strong> et nos <strong>r\u00e9seaux sociaux<\/strong><\/li>\n<\/ul>\n<img loading=\"lazy\" decoding=\"async\" class=\"img-fluid wp-image-1782 alignleft\" src=\"https:\/\/www.selectionmed.com\/wp-content\/uploads\/2024\/04\/f492ce43-62e4-4ccc-b126-5ac92f724472-1037x778.jpg\" alt=\"Photos de l'une de nos belles propri\u00e9t\u00e9s \u00e0 vendre sur la Costa del Sol, Espagne\" width=\"347\" height=\"260\" srcset=\"https:\/\/www.selectionmed.com\/wp-content\/uploads\/2024\/04\/f492ce43-62e4-4ccc-b126-5ac92f724472-1037x778.jpg 1037w, https:\/\/www.selectionmed.com\/wp-content\/uploads\/2024\/04\/f492ce43-62e4-4ccc-b126-5ac92f724472-1920x1440.jpg 1920w, https:\/\/www.selectionmed.com\/wp-content\/uploads\/2024\/04\/f492ce43-62e4-4ccc-b126-5ac92f724472-519x389.jpg 519w, https:\/\/www.selectionmed.com\/wp-content\/uploads\/2024\/04\/f492ce43-62e4-4ccc-b126-5ac92f724472-768x576.jpg 768w, https:\/\/www.selectionmed.com\/wp-content\/uploads\/2024\/04\/f492ce43-62e4-4ccc-b126-5ac92f724472-1536x1152.jpg 1536w, https:\/\/www.selectionmed.com\/wp-content\/uploads\/2024\/04\/f492ce43-62e4-4ccc-b126-5ac92f724472.jpg 2048w\" sizes=\"auto, (max-width: 347px) 100vw, 347px\" \/>\n<\/div>\n<div style=\"width: 45%; text-align: left;\">\n<h3>La formule \u201cElite\u201d (r\u00e9serv\u00e9e aux membres avec mandat d\u2019exclusivit\u00e9) :<\/h3>\n<ul>\n<li style=\"list-style-type: none;\">\n<ul>\n<li>Toutes les actions comprises dans la <strong>formule traditionnelle<\/strong><\/li>\n<li><strong>Visite virtuelle<\/strong> en 3D de votre bien pour s\u2019y projeter comme si l\u2019on y \u00e9tait<\/li>\n<li><strong>Shooting photographique<\/strong> avec vues drone pour une qualit\u00e9 d&rsquo;image exceptionnelle<\/li>\n<li><strong>Architecte d\u2019int\u00e9rieur<\/strong> \u00e0 votre service pour r\u00e9aliser un home staging avant la vente<\/li>\n<li>Prise en charge du <strong>Diagnostic de Performance \u00c9nerg\u00e9tique<\/strong><\/li>\n<li><strong>Boost de votre annonce<\/strong> sur nos portails digitaux internationaux pour une visibilit\u00e9 maximale<\/li>\n<li><strong>Publicit\u00e9 sur une s\u00e9lection de magazines<\/strong> papiers cibl\u00e9s<\/li>\n<li><strong>Strat\u00e9gie marketing<\/strong> mise en place chez vous pour vendre votre bien au prix juste et dans les meilleurs d\u00e9lais possible<\/li>\n<\/ul>\n<\/li>\n<\/ul>\n<\/div>\n<\/div>\n<p>Nos <strong>agents sont sp\u00e9cialis\u00e9s<\/strong> dans l&rsquo;immobilier littoral<br \/>\net peuvent apporter leur expertise en mati\u00e8re d&rsquo;\u00e9valuation et autres.<br \/>\n<a href=\"https:\/\/www.selectionmed.com\/fr\/our-company\">Rencontrez notre \u00e9quipe ici. <\/a><br \/>\n&nbsp;<\/p>\n<section style=\"text-align: center;\"><button style=\"display: inline-block; font-weight: bold; font-size: 16px; color: black; background-color: #e1a601; border: 2px solid #E1A601; padding: 10px 20px; border-radius: 100px; cursor: pointer; transition: background-color 0.3s ease;\">Contactez-nous pour en savoir plus !<\/button><\/section>\n<\/section>\n<p>&nbsp;<\/p>\n","protected":false},"excerpt":{"rendered":"<p>La c\u00f4te m\u00e9diterran\u00e9enne attire de plus en plus d\u2019acheteurs. Vous n\u2019aurez donc probablement pas de difficult\u00e9 \u00e0 trouver les v\u00f4tres. Mais vendrez-vous au bon prix avec des acheteurs s\u00e9rieux ? Profitez du plus grand r\u00e9seau international sur la c\u00f4te m\u00e9diterran\u00e9enne pour vendre votre bien au prix le plus juste et \u00e0 des acheteurs qualifi\u00e9s. Contactez &#8230;<\/p>\n","protected":false},"author":3,"featured_media":640,"parent":0,"menu_order":0,"comment_status":"closed","ping_status":"closed","template":"","meta":{"_acf_changed":false,"footnotes":""},"class_list":["post-1330","page","type-page","status-publish","has-post-thumbnail","hentry"],"acf":[],"_links":{"self":[{"href":"https:\/\/www.selectionmed.com\/fr\/wp-json\/wp\/v2\/pages\/1330","targetHints":{"allow":["GET"]}}],"collection":[{"href":"https:\/\/www.selectionmed.com\/fr\/wp-json\/wp\/v2\/pages"}],"about":[{"href":"https:\/\/www.selectionmed.com\/fr\/wp-json\/wp\/v2\/types\/page"}],"author":[{"embeddable":true,"href":"https:\/\/www.selectionmed.com\/fr\/wp-json\/wp\/v2\/users\/3"}],"replies":[{"embeddable":true,"href":"https:\/\/www.selectionmed.com\/fr\/wp-json\/wp\/v2\/comments?post=1330"}],"version-history":[{"count":0,"href":"https:\/\/www.selectionmed.com\/fr\/wp-json\/wp\/v2\/pages\/1330\/revisions"}],"wp:featuredmedia":[{"embeddable":true,"href":"https:\/\/www.selectionmed.com\/fr\/wp-json\/wp\/v2\/media\/640"}],"wp:attachment":[{"href":"https:\/\/www.selectionmed.com\/fr\/wp-json\/wp\/v2\/media?parent=1330"}],"curies":[{"name":"wp","href":"https:\/\/api.w.org\/{rel}","templated":true}]}}