{"id":618,"date":"2021-05-17T09:36:21","date_gmt":"2021-05-17T07:36:21","guid":{"rendered":"https:\/\/www.selectionmed.com\/join-us"},"modified":"2022-01-27T07:24:35","modified_gmt":"2022-01-27T06:24:35","slug":"join-us","status":"publish","type":"page","link":"https:\/\/www.selectionmed.com\/fr\/join-us","title":{"rendered":"Rejoignez nous"},"content":{"rendered":"<p>&nbsp;<\/p>\n<p><span style=\"font-weight: 400;\">Arpenter les villes de la c\u00f4te m\u00e9diterran\u00e9enne \u00e0 la recherche de propri\u00e9t\u00e9s exceptionnelles est une id\u00e9e qui vous s\u00e9duit ? Vous \u00eates au bon endroit.<\/span><\/p>\n<p><span style=\"font-weight: 400;\">Notre ADN ? Une soci\u00e9t\u00e9 \u00e0 haute valeur humaine qui cultive les savoir-faire, la croissance et la r\u00e9ussite bienveillante.<\/span><\/p>\n<p><span style=\"font-weight: 400;\">Rejoindre Selection Med c\u2019est int\u00e9grer un r\u00e9seau dynamique, avec une dimension internationale. C\u2019est l\u2019opportunit\u00e9 de fonctionner en autonomie tout en b\u00e9n\u00e9ficiant d\u2019un support administratif, juridique, marketing et logistique performant.\u00a0<\/span><\/p>\n<p><span style=\"font-weight: 400;\">Rejoindre Selection Med c\u2019est aussi rencontrer une \u00e9quipe soud\u00e9e \u00e0 hautes valeurs humaines qui vous offrira la possibilit\u00e9 de devenir chaque jour meilleur.\u00a0<\/span><\/p>\n<p><span style=\"font-weight: 400;\">Vous avez de l\u2019ambition, un large r\u00e9seau sur votre secteur g\u00e9ographique ? Vous souhaitez d\u00e9velopper votre savoir-faire et b\u00e9n\u00e9ficier de l\u2019appui et de conseils de tout un r\u00e9seau ? Ne tardez plus et contactez-nous pour travailler \u00e0 nos c\u00f4t\u00e9s. <\/span><\/p>\n<script src=\"https:\/\/www.google.com\/recaptcha\/api.js?render=6LeWOaYZAAAAAGZM7q40J51QMau9I_gs19mp9lZJ&hl=fr\" ><\/script>\n<form id=\"contact_618\" class=\"bg-primary text-white p-3 p-lg-5 mb-5 needs-validation mt-5\" data-contact=\"contact_618\" action=\"localhost\" method=\"POST\" novalidate>\n\t<span id=\"contact_618-result\" data-redirect=\"Succ\u00e8s\" data-stext=\"source\" data-source=\"contact\"><\/span>\n\t<input type=\"hidden\" name=\"success\" value=\"\/success\"\/>\n\t<input type=\"hidden\" name=\"agency\" value=\"428\"\/>\n\t<input type=\"hidden\" name=\"source\" value=\"https:\/\/www.selectionmed.com\/fr\/wp-json\/wp\/v2\/pages\/618\"\/>\n\t<input type=\"hidden\" name=\"subject\" value=\"Contact from: Rejoignez nous\" \/>\n\t<input type=\"hidden\" name=\"dry\" value=\"0\">\n\t<input name=\"mail_options\" value=\"CharSet=UTF-8\" type=\"hidden\">\n\t<input type=\"hidden\" name=\"action\" value=\"contact\">\n\t<h3 class=\"pb-3 mb-3 mb-lg-4 font-weight-bold border-bottom\">Rejoignez-nous<\/h3>\n\t<div class=\"form-group row\">\n\t\t<label class=\"col-sm-3 col-form-label text-uppercase\">Nom<\/label>\n\t\t<div class=\"col-sm-9\">\n\t\t\t<input name=\"name\" type=\"text\" class=\"form-control rounded-0\" autocomplete=\"off\" placeholder=\"Entrez votre Nom\" required data-error=\"Nom obligatoire\">\n\t\t<\/div>\n\t<\/div>\n\t<div class=\"form-group row\">\n\t\t<label class=\"col-sm-3 col-form-label text-uppercase\">Email<\/label>\n\t\t<div class=\"col-sm-9\">\n\t\t\t<input name=\"email\" type=\"email\" class=\"form-control rounded-0\" autocomplete=\"off\" placeholder=\"Entrez votre email-addresse\" required data-error=\"Email requis\">\n\t\t<\/div>\n\t<\/div>\n\t<div class=\"form-group row\">\n\t\t<label class=\"col-sm-3 col-form-label text-uppercase\">T\u00e9l\u00e9phone<\/label>\n\t\t<div class=\"col-sm-9\">\n\t\t\t<input name=\"phone\" type=\"tel\" class=\"form-control rounded-0\" autocomplete=\"off\" placeholder=\"Entrez votre telephone\" data-error=\"Les num\u00e9ros de t\u00e9l\u00e9phone doivent contenir 8 \u00e0 20 chiffres\">\n\t\t<\/div>\n\t<\/div>\n\t<div class=\"form-group row\">\n\t\t<label class=\"col-sm-3 col-form-label text-uppercase\">Message<\/label>\n\t\t<div class=\"col-sm-9\">\n\t\t\t<textarea name=\"comment\" class=\"form-control rounded-0\" rows=\"4\"><\/textarea>\n\t\t<\/div>\n\t<\/div>\n\t<div class=\"form-group row\">\n\t\t<div class=\"col-sm-9 offset-sm-3\">\n\t\t\t<div class=\"custom-control custom-checkbox px-4\">\n\t\t\t\t<input type=\"checkbox\" class=\"custom-control-input\" id=\"contact_618-customCheck1\" name=\"privacy_policy\" required data-error=\"champs requis\">\n\t\t\t\t<label class=\"custom-control-label\" for=\"contact_618-customCheck1\">\n\t\t\t\t\tJ'ai lu et j'accepte le <a class=\"text-white\" href=\"https:\/\/www.selectionmed.com\/privacy-policy\" target=\"_blank\">politique de confidentialit\u00e9 et de cookies<\/a>\n\t\t\t\t<\/label>\n\t\t\t<\/div>\n\t\t\t<div class=\"custom-control custom-checkbox px-4\"> \n\t\t\t\t<input type=\"checkbox\" class=\"custom-control-input\" id=\"contact_618-customCheck2\" name=\"commercial_information\">\n\t\t\t\t<label class=\"custom-control-label\" for=\"contact_618-customCheck2\">J'accepte que Selection Med m'envoie des offres et des actualit\u00e9s.<\/label>\n\t\t\t<\/div>\n\t\t<\/div>\n\t<\/div>\n\t<div class=\"form-group row mb-0\">\n\t\t<div class=\"col-sm-9\">\n\t\t\t<button data-ids=\"contact_618\" data-lang=\"fr\" class=\"btn btn-secondary text-uppercase font-weight-bold px-5 py-2 g-recaptcha\" data-sitekey=\"6LeWOaYZAAAAAGZM7q40J51QMau9I_gs19mp9lZJ\">Envoyer<\/button>\n\t\t<\/div>\n\t<\/div>\n<\/form>\n\n","protected":false},"excerpt":{"rendered":"<p>&nbsp; Arpenter les villes de la c\u00f4te m\u00e9diterran\u00e9enne \u00e0 la recherche de propri\u00e9t\u00e9s exceptionnelles est une id\u00e9e qui vous s\u00e9duit ? Vous \u00eates au bon endroit. Notre ADN ? Une soci\u00e9t\u00e9 \u00e0 haute valeur humaine qui cultive les savoir-faire, la croissance et la r\u00e9ussite bienveillante. Rejoindre Selection Med c\u2019est int\u00e9grer un r\u00e9seau dynamique, avec une &#8230;<\/p>\n","protected":false},"author":1,"featured_media":619,"parent":0,"menu_order":0,"comment_status":"closed","ping_status":"closed","template":"template-pages\/basic-herobox.php","meta":{"_acf_changed":false,"footnotes":""},"class_list":["post-618","page","type-page","status-publish","has-post-thumbnail","hentry"],"acf":[],"_links":{"self":[{"href":"https:\/\/www.selectionmed.com\/fr\/wp-json\/wp\/v2\/pages\/618","targetHints":{"allow":["GET"]}}],"collection":[{"href":"https:\/\/www.selectionmed.com\/fr\/wp-json\/wp\/v2\/pages"}],"about":[{"href":"https:\/\/www.selectionmed.com\/fr\/wp-json\/wp\/v2\/types\/page"}],"author":[{"embeddable":true,"href":"https:\/\/www.selectionmed.com\/fr\/wp-json\/wp\/v2\/users\/1"}],"replies":[{"embeddable":true,"href":"https:\/\/www.selectionmed.com\/fr\/wp-json\/wp\/v2\/comments?post=618"}],"version-history":[{"count":0,"href":"https:\/\/www.selectionmed.com\/fr\/wp-json\/wp\/v2\/pages\/618\/revisions"}],"wp:featuredmedia":[{"embeddable":true,"href":"https:\/\/www.selectionmed.com\/fr\/wp-json\/wp\/v2\/media\/619"}],"wp:attachment":[{"href":"https:\/\/www.selectionmed.com\/fr\/wp-json\/wp\/v2\/media?parent=618"}],"curies":[{"name":"wp","href":"https:\/\/api.w.org\/{rel}","templated":true}]}}