{"id":647,"date":"2021-05-17T09:33:52","date_gmt":"2021-05-17T07:33:52","guid":{"rendered":"https:\/\/www.selectionmed.com\/our-company"},"modified":"2026-03-30T12:18:01","modified_gmt":"2026-03-30T10:18:01","slug":"our-company","status":"publish","type":"page","link":"https:\/\/www.selectionmed.com\/fr\/our-company","title":{"rendered":"Qui sommes-nous ?"},"content":{"rendered":"<p><span style=\"font-weight: 400;\">Selection Med est un r\u00e9seau international d&rsquo;agents et d&rsquo;agences qui s\u00e9lectionnent les meilleures propri\u00e9t\u00e9s le long de la c\u00f4te m\u00e9diterran\u00e9enne. Notre fa\u00e7on de penser cr\u00e9ative et notre vision moderne nous placent \u00e0 l&rsquo;avant-garde de ce march\u00e9 immobilier en pleine expansion.\u00a0<\/span><\/p>\n<p><span style=\"font-weight: 400;\">Mais au-del\u00e0 du r\u00e9seau, au-del\u00e0 du march\u00e9, nous sommes avant tout une \u00e9quipe de professionnels passionn\u00e9s ! Notre philosophie ? Placer au premier plan les personnes et la qualit\u00e9 du service que nous leur fournissons.\u00a0<\/span><\/p>\n<p><span style=\"font-weight: 400;\">Vous souhaitez vendre votre propri\u00e9t\u00e9 ? Acheter une maison en bord de mer ? Selection Med vous accompagne dans l\u2019ensemble de vos d\u00e9marches. Ensemble, nous faisons de vos r\u00eaves une r\u00e9alit\u00e9 !<\/span><\/p>\n<p><span style=\"font-weight: 400;\">Prenez contact avec nos agents !<\/span><\/p>\n<p>&nbsp;<\/p>\n","protected":false},"excerpt":{"rendered":"<p>Selection Med est un r\u00e9seau international d&rsquo;agents et d&rsquo;agences qui s\u00e9lectionnent les meilleures propri\u00e9t\u00e9s le long de la c\u00f4te m\u00e9diterran\u00e9enne. Notre fa\u00e7on de penser cr\u00e9ative et notre vision moderne nous placent \u00e0 l&rsquo;avant-garde de ce march\u00e9 immobilier en pleine expansion.\u00a0 Mais au-del\u00e0 du r\u00e9seau, au-del\u00e0 du march\u00e9, nous sommes avant tout une \u00e9quipe de professionnels &#8230;<\/p>\n","protected":false},"author":1,"featured_media":1906,"parent":0,"menu_order":0,"comment_status":"closed","ping_status":"closed","template":"template-pages\/about.php","meta":{"_acf_changed":false,"footnotes":""},"class_list":["post-647","page","type-page","status-publish","has-post-thumbnail","hentry"],"acf":[],"_links":{"self":[{"href":"https:\/\/www.selectionmed.com\/fr\/wp-json\/wp\/v2\/pages\/647","targetHints":{"allow":["GET"]}}],"collection":[{"href":"https:\/\/www.selectionmed.com\/fr\/wp-json\/wp\/v2\/pages"}],"about":[{"href":"https:\/\/www.selectionmed.com\/fr\/wp-json\/wp\/v2\/types\/page"}],"author":[{"embeddable":true,"href":"https:\/\/www.selectionmed.com\/fr\/wp-json\/wp\/v2\/users\/1"}],"replies":[{"embeddable":true,"href":"https:\/\/www.selectionmed.com\/fr\/wp-json\/wp\/v2\/comments?post=647"}],"version-history":[{"count":0,"href":"https:\/\/www.selectionmed.com\/fr\/wp-json\/wp\/v2\/pages\/647\/revisions"}],"wp:featuredmedia":[{"embeddable":true,"href":"https:\/\/www.selectionmed.com\/fr\/wp-json\/wp\/v2\/media\/1906"}],"wp:attachment":[{"href":"https:\/\/www.selectionmed.com\/fr\/wp-json\/wp\/v2\/media?parent=647"}],"curies":[{"name":"wp","href":"https:\/\/api.w.org\/{rel}","templated":true}]}}